{"id":78,"date":"2023-07-24T08:43:47","date_gmt":"2023-07-24T08:43:47","guid":{"rendered":"http:\/\/www.polibrealdelsur.com\/?page_id=78"},"modified":"2023-09-21T08:29:11","modified_gmt":"2023-09-21T08:29:11","slug":"contacto","status":"publish","type":"page","link":"https:\/\/www.polibrealdelsur.com\/en\/contacto\/","title":{"rendered":"Contact"},"content":{"rendered":"<div data-elementor-type=\"wp-page\" data-elementor-id=\"78\" class=\"elementor elementor-78\">\n\t\t\t\t\t\t\t\t\t<section class=\"elementor-section elementor-top-section elementor-element elementor-element-d2c7da9 elementor-section-boxed elementor-section-height-default elementor-section-height-default\" data-id=\"d2c7da9\" data-element_type=\"section\">\n\t\t\t\t\t\t<div class=\"elementor-container elementor-column-gap-default\">\n\t\t\t\t\t<div class=\"elementor-column elementor-col-100 elementor-top-column elementor-element elementor-element-1a15c17\" data-id=\"1a15c17\" data-element_type=\"column\">\n\t\t\t<div class=\"elementor-widget-wrap elementor-element-populated\">\n\t\t\t\t\t\t\t\t<div class=\"elementor-element elementor-element-3575bfc elementor-widget elementor-widget-heading\" data-id=\"3575bfc\" data-element_type=\"widget\" data-widget_type=\"heading.default\">\n\t\t\t\t<div class=\"elementor-widget-container\">\n\t\t\t<style>\/*! elementor - v3.14.0 - 26-06-2023 *\/\n.elementor-heading-title{padding:0;margin:0;line-height:1}.elementor-widget-heading .elementor-heading-title[class*=elementor-size-]>a{color:inherit;font-size:inherit;line-height:inherit}.elementor-widget-heading .elementor-heading-title.elementor-size-small{font-size:15px}.elementor-widget-heading .elementor-heading-title.elementor-size-medium{font-size:19px}.elementor-widget-heading .elementor-heading-title.elementor-size-large{font-size:29px}.elementor-widget-heading .elementor-heading-title.elementor-size-xl{font-size:39px}.elementor-widget-heading .elementor-heading-title.elementor-size-xxl{font-size:59px}<\/style><h2 class=\"elementor-heading-title elementor-size-default\">Contact us<\/h2>\t\t<\/div>\n\t\t\t\t<\/div>\n\t\t\t\t\t<\/div>\n\t\t<\/div>\n\t\t\t\t\t\t\t<\/div>\n\t\t<\/section>\n\t\t\t\t<section class=\"elementor-section elementor-top-section elementor-element elementor-element-2ebcb98 elementor-section-boxed elementor-section-height-default elementor-section-height-default\" data-id=\"2ebcb98\" data-element_type=\"section\">\n\t\t\t\t\t\t<div class=\"elementor-container elementor-column-gap-default\">\n\t\t\t\t\t<div class=\"elementor-column elementor-col-100 elementor-top-column elementor-element elementor-element-911e965\" data-id=\"911e965\" data-element_type=\"column\">\n\t\t\t<div class=\"elementor-widget-wrap elementor-element-populated\">\n\t\t\t\t\t\t\t\t<div class=\"elementor-element elementor-element-1563732 elementor-widget elementor-widget-spacer\" data-id=\"1563732\" data-element_type=\"widget\" data-widget_type=\"spacer.default\">\n\t\t\t\t<div class=\"elementor-widget-container\">\n\t\t\t<style>\/*! elementor - v3.14.0 - 26-06-2023 *\/\n.elementor-column .elementor-spacer-inner{height:var(--spacer-size)}.e-con{--container-widget-width:100%}.e-con-inner>.elementor-widget-spacer,.e-con>.elementor-widget-spacer{width:var(--container-widget-width,var(--spacer-size));--align-self:var(--container-widget-align-self,initial);--flex-shrink:0}.e-con-inner>.elementor-widget-spacer>.elementor-widget-container,.e-con-inner>.elementor-widget-spacer>.elementor-widget-container>.elementor-spacer,.e-con>.elementor-widget-spacer>.elementor-widget-container,.e-con>.elementor-widget-spacer>.elementor-widget-container>.elementor-spacer{height:100%}.e-con-inner>.elementor-widget-spacer>.elementor-widget-container>.elementor-spacer>.elementor-spacer-inner,.e-con>.elementor-widget-spacer>.elementor-widget-container>.elementor-spacer>.elementor-spacer-inner{height:var(--container-widget-height,var(--spacer-size))}<\/style>\t\t<div class=\"elementor-spacer\">\n\t\t\t<div class=\"elementor-spacer-inner\"><\/div>\n\t\t<\/div>\n\t\t\t\t<\/div>\n\t\t\t\t<\/div>\n\t\t\t\t\t<\/div>\n\t\t<\/div>\n\t\t\t\t\t\t\t<\/div>\n\t\t<\/section>\n\t\t\t\t<section class=\"elementor-section elementor-top-section elementor-element elementor-element-73c7857 elementor-section-boxed elementor-section-height-default elementor-section-height-default\" data-id=\"73c7857\" data-element_type=\"section\">\n\t\t\t\t\t\t<div class=\"elementor-container elementor-column-gap-default\">\n\t\t\t\t\t<div class=\"elementor-column elementor-col-100 elementor-top-column elementor-element elementor-element-5949f3a\" data-id=\"5949f3a\" data-element_type=\"column\">\n\t\t\t<div class=\"elementor-widget-wrap elementor-element-populated\">\n\t\t\t\t\t\t\t\t<div class=\"elementor-element elementor-element-4164ccc elementor-widget elementor-widget-text-editor\" data-id=\"4164ccc\" data-element_type=\"widget\" data-widget_type=\"text-editor.default\">\n\t\t\t\t<div class=\"elementor-widget-container\">\n\t\t\t<style>\/*! elementor - v3.14.0 - 26-06-2023 *\/\n.elementor-widget-text-editor.elementor-drop-cap-view-stacked .elementor-drop-cap{background-color:#69727d;color:#fff}.elementor-widget-text-editor.elementor-drop-cap-view-framed .elementor-drop-cap{color:#69727d;border:3px solid;background-color:transparent}.elementor-widget-text-editor:not(.elementor-drop-cap-view-default) .elementor-drop-cap{margin-top:8px}.elementor-widget-text-editor:not(.elementor-drop-cap-view-default) .elementor-drop-cap-letter{width:1em;height:1em}.elementor-widget-text-editor .elementor-drop-cap{float:left;text-align:center;line-height:1;font-size:50px}.elementor-widget-text-editor .elementor-drop-cap-letter{display:inline-block}<\/style>\t\t\t\t<p>If you are interested in any of our services or if you have any questions, you can contact us through the form on the right, or through our general attention email: info@polibrealdelsur.com\u00a0<\/p>\t\t\t\t\t\t<\/div>\n\t\t\t\t<\/div>\n\t\t\t\t\t<\/div>\n\t\t<\/div>\n\t\t\t\t\t\t\t<\/div>\n\t\t<\/section>\n\t\t\t\t<section class=\"elementor-section elementor-top-section elementor-element elementor-element-bdd20ff elementor-section-boxed elementor-section-height-default elementor-section-height-default\" data-id=\"bdd20ff\" data-element_type=\"section\">\n\t\t\t\t\t\t<div class=\"elementor-container elementor-column-gap-default\">\n\t\t\t\t\t<div class=\"elementor-column elementor-col-100 elementor-top-column elementor-element elementor-element-8510ad3\" data-id=\"8510ad3\" data-element_type=\"column\">\n\t\t\t<div class=\"elementor-widget-wrap elementor-element-populated\">\n\t\t\t\t\t\t\t\t<div class=\"elementor-element elementor-element-0feecaa elementor-widget elementor-widget-spacer\" data-id=\"0feecaa\" data-element_type=\"widget\" data-widget_type=\"spacer.default\">\n\t\t\t\t<div class=\"elementor-widget-container\">\n\t\t\t\t\t<div class=\"elementor-spacer\">\n\t\t\t<div class=\"elementor-spacer-inner\"><\/div>\n\t\t<\/div>\n\t\t\t\t<\/div>\n\t\t\t\t<\/div>\n\t\t\t\t\t<\/div>\n\t\t<\/div>\n\t\t\t\t\t\t\t<\/div>\n\t\t<\/section>\n\t\t\t\t<section class=\"elementor-section elementor-top-section elementor-element elementor-element-dc7f0c9 elementor-section-boxed elementor-section-height-default elementor-section-height-default\" data-id=\"dc7f0c9\" data-element_type=\"section\">\n\t\t\t\t\t\t<div class=\"elementor-container elementor-column-gap-default\">\n\t\t\t\t\t<div class=\"elementor-column elementor-col-50 elementor-top-column elementor-element elementor-element-0840187\" data-id=\"0840187\" data-element_type=\"column\">\n\t\t\t<div class=\"elementor-widget-wrap elementor-element-populated\">\n\t\t\t\t\t\t\t\t<div class=\"elementor-element elementor-element-d773979 elementor-widget elementor-widget-text-editor\" data-id=\"d773979\" data-element_type=\"widget\" data-widget_type=\"text-editor.default\">\n\t\t\t\t<div class=\"elementor-widget-container\">\n\t\t\t\t\t\t\t<div class=\"wp-block-column\"><p><strong>Delegate Andalusia<\/strong><\/p><p>D. Javier Abril Guerrero<\/p><p><strong>Tfn:<\/strong>\u00a0952 03 87 73<br \/><strong>E-MAIL:<\/strong>\u00a0<a href=\"mailto:jabril@polibrealdelsur.com\" data-wplink-edit=\"true\"><strong>jabril@polibrealdelsur.com<\/strong><\/a><\/p><\/div>\t\t\t\t\t\t<\/div>\n\t\t\t\t<\/div>\n\t\t\t\t\t<\/div>\n\t\t<\/div>\n\t\t\t\t<div class=\"elementor-column elementor-col-50 elementor-top-column elementor-element elementor-element-4cedca5\" data-id=\"4cedca5\" data-element_type=\"column\">\n\t\t\t<div class=\"elementor-widget-wrap elementor-element-populated\">\n\t\t\t\t\t\t\t\t<div class=\"elementor-element elementor-element-3421231 elementor-widget elementor-widget-text-editor\" data-id=\"3421231\" data-element_type=\"widget\" data-widget_type=\"text-editor.default\">\n\t\t\t\t<div class=\"elementor-widget-container\">\n\t\t\t\t\t\t\t<p><strong>Sales representative<\/strong><\/p><p>D. Ismael Conejo Gallardo<\/p><p><strong>Tfn:<\/strong>\u00a0609 12 16 59<br \/><strong>E-MAIL:<\/strong>\u00a0<a href=\"mailto:iconejo@polibrealdelsur.com\"><strong>iconejo@polibrealdelsur.com<\/strong><\/a><\/p>\t\t\t\t\t\t<\/div>\n\t\t\t\t<\/div>\n\t\t\t\t\t<\/div>\n\t\t<\/div>\n\t\t\t\t\t\t\t<\/div>\n\t\t<\/section>\n\t\t\t\t<section class=\"elementor-section elementor-top-section elementor-element elementor-element-315a874 elementor-section-boxed elementor-section-height-default elementor-section-height-default\" data-id=\"315a874\" data-element_type=\"section\">\n\t\t\t\t\t\t<div class=\"elementor-container elementor-column-gap-default\">\n\t\t\t\t\t<div class=\"elementor-column elementor-col-100 elementor-top-column elementor-element elementor-element-613e02d\" data-id=\"613e02d\" data-element_type=\"column\">\n\t\t\t<div class=\"elementor-widget-wrap elementor-element-populated\">\n\t\t\t\t\t\t\t\t<div class=\"elementor-element elementor-element-fc7b862 elementor-widget elementor-widget-spacer\" data-id=\"fc7b862\" data-element_type=\"widget\" data-widget_type=\"spacer.default\">\n\t\t\t\t<div class=\"elementor-widget-container\">\n\t\t\t\t\t<div class=\"elementor-spacer\">\n\t\t\t<div class=\"elementor-spacer-inner\"><\/div>\n\t\t<\/div>\n\t\t\t\t<\/div>\n\t\t\t\t<\/div>\n\t\t\t\t\t<\/div>\n\t\t<\/div>\n\t\t\t\t\t\t\t<\/div>\n\t\t<\/section>\n\t\t\t\t<section class=\"elementor-section elementor-top-section elementor-element elementor-element-1a5017d elementor-section-boxed elementor-section-height-default elementor-section-height-default\" data-id=\"1a5017d\" data-element_type=\"section\">\n\t\t\t\t\t\t<div class=\"elementor-container elementor-column-gap-default\">\n\t\t\t\t\t<div class=\"elementor-column elementor-col-100 elementor-top-column elementor-element elementor-element-f927400\" data-id=\"f927400\" data-element_type=\"column\">\n\t\t\t<div class=\"elementor-widget-wrap elementor-element-populated\">\n\t\t\t\t\t\t\t\t<div class=\"elementor-element elementor-element-d01cbc1 elementor-widget elementor-widget-heading\" data-id=\"d01cbc1\" data-element_type=\"widget\" data-widget_type=\"heading.default\">\n\t\t\t\t<div class=\"elementor-widget-container\">\n\t\t\t<h2 class=\"elementor-heading-title elementor-size-default\">Leave us your message<\/h2>\t\t<\/div>\n\t\t\t\t<\/div>\n\t\t\t\t\t<\/div>\n\t\t<\/div>\n\t\t\t\t\t\t\t<\/div>\n\t\t<\/section>\n\t\t\t\t<section class=\"elementor-section elementor-top-section elementor-element elementor-element-1efb4c9 elementor-section-boxed elementor-section-height-default elementor-section-height-default\" data-id=\"1efb4c9\" data-element_type=\"section\">\n\t\t\t\t\t\t<div class=\"elementor-container elementor-column-gap-default\">\n\t\t\t\t\t<div class=\"elementor-column elementor-col-100 elementor-top-column elementor-element elementor-element-d916c33\" data-id=\"d916c33\" data-element_type=\"column\">\n\t\t\t<div class=\"elementor-widget-wrap elementor-element-populated\">\n\t\t\t\t\t\t\t\t<div class=\"elementor-element elementor-element-f90b33a elementor-widget elementor-widget-spacer\" data-id=\"f90b33a\" data-element_type=\"widget\" data-widget_type=\"spacer.default\">\n\t\t\t\t<div class=\"elementor-widget-container\">\n\t\t\t\t\t<div class=\"elementor-spacer\">\n\t\t\t<div class=\"elementor-spacer-inner\"><\/div>\n\t\t<\/div>\n\t\t\t\t<\/div>\n\t\t\t\t<\/div>\n\t\t\t\t\t<\/div>\n\t\t<\/div>\n\t\t\t\t\t\t\t<\/div>\n\t\t<\/section>\n\t\t\t\t<section class=\"elementor-section elementor-top-section elementor-element elementor-element-39ee832 elementor-section-boxed elementor-section-height-default elementor-section-height-default\" data-id=\"39ee832\" data-element_type=\"section\">\n\t\t\t\t\t\t<div class=\"elementor-container elementor-column-gap-default\">\n\t\t\t\t\t<div class=\"elementor-column elementor-col-100 elementor-top-column elementor-element elementor-element-ed2fefe\" data-id=\"ed2fefe\" data-element_type=\"column\">\n\t\t\t<div class=\"elementor-widget-wrap elementor-element-populated\">\n\t\t\t\t\t\t\t\t<div class=\"elementor-element elementor-element-a61a747 elementor-widget elementor-widget-shortcode\" data-id=\"a61a747\" data-element_type=\"widget\" data-widget_type=\"shortcode.default\">\n\t\t\t\t<div class=\"elementor-widget-container\">\n\t\t\t\t\t<div class=\"elementor-shortcode\">\n<div class=\"wpcf7 no-js\" id=\"wpcf7-f186-o1\" lang=\"es-ES\" dir=\"ltr\">\n<div class=\"screen-reader-response\"><p role=\"status\" aria-live=\"polite\" aria-atomic=\"true\"><\/p> <ul><\/ul><\/div>\n<form action=\"\/en\/wp-json\/wp\/v2\/pages\/78#wpcf7-f186-o1\" method=\"post\" class=\"wpcf7-form init\" aria-label=\"Formulario de contacto\" novalidate=\"novalidate\" data-status=\"init\" data-trp-original-action=\"\/en\/wp-json\/wp\/v2\/pages\/78#wpcf7-f186-o1\">\n<div style=\"display: none;\">\n<input type=\"hidden\" name=\"_wpcf7\" value=\"186\" \/>\n<input type=\"hidden\" name=\"_wpcf7_version\" value=\"5.8\" \/>\n<input type=\"hidden\" name=\"_wpcf7_locale\" value=\"es_ES\" \/>\n<input type=\"hidden\" name=\"_wpcf7_unit_tag\" value=\"wpcf7-f186-o1\" \/>\n<input type=\"hidden\" name=\"_wpcf7_container_post\" value=\"0\" \/>\n<input type=\"hidden\" name=\"_wpcf7_posted_data_hash\" value=\"\" \/>\n<\/div>\n<p><label> Your name<br \/>\n<span class=\"wpcf7-form-control-wrap\" data-name=\"your-name\"><input size=\"40\" class=\"wpcf7-form-control wpcf7-text wpcf7-validates-as-required\" autocomplete=\"name\" aria-required=\"true\" aria-invalid=\"false\" value=\"\" type=\"text\" name=\"your-name\" \/><\/span> <\/label>\n<\/p>\n<p><label> Your e-mail:<br \/>\n<span class=\"wpcf7-form-control-wrap\" data-name=\"your-email\"><input size=\"40\" class=\"wpcf7-form-control wpcf7-email wpcf7-validates-as-required wpcf7-text wpcf7-validates-as-email\" autocomplete=\"email\" aria-required=\"true\" aria-invalid=\"false\" value=\"\" type=\"email\" name=\"your-email\" \/><\/span> <\/label>\n<\/p>\n<p><label> Subject<br \/>\n<span class=\"wpcf7-form-control-wrap\" data-name=\"your-subject\"><input size=\"40\" class=\"wpcf7-form-control wpcf7-text wpcf7-validates-as-required\" aria-required=\"true\" aria-invalid=\"false\" value=\"\" type=\"text\" name=\"your-subject\" \/><\/span> <\/label>\n<\/p>\n<p><label> Your message<br \/>\n<span class=\"wpcf7-form-control-wrap\" data-name=\"your-message\"><textarea cols=\"40\" rows=\"10\" class=\"wpcf7-form-control wpcf7-textarea\" aria-invalid=\"false\" name=\"your-message\"><\/textarea><\/span> <\/label>\n<\/p>\n<p><input class=\"wpcf7-form-control wpcf7-submit has-spinner\" type=\"submit\" value=\"Send\" \/>\n<\/p><div class=\"wpcf7-response-output\" aria-hidden=\"true\"><\/div>\n<input type=\"hidden\" name=\"trp-form-language\" value=\"en\"\/><\/form>\n<\/div>\n<\/div>\n\t\t\t\t<\/div>\n\t\t\t\t<\/div>\n\t\t\t\t\t<\/div>\n\t\t<\/div>\n\t\t\t\t\t\t\t<\/div>\n\t\t<\/section>\n\t\t\t\t\t\t\t<\/div>","protected":false},"excerpt":{"rendered":"<p>Contacta con nosotros Si est\u00e1 interesado en cualquiera de nuestros servicios o para cualquier consulta, puede ponerse en contacto con nosotros a trav\u00e9s del formulario de la derecha, de nuestro email de atenci\u00f3n general: info@polibrealdelsur.com\u00a0 Delegado Andaluc\u00eda D. Javier Abril Guerrero Tfno:\u00a0952 03 87 73E-MAIL:\u00a0jabril@polibrealdelsur.com Delegado comercial D. Ismael Conejo Gallardo Tfno:\u00a0609 12 16 59E-MAIL:\u00a0iconejo@polibrealdelsur.com [&hellip;]<\/p>","protected":false},"author":1,"featured_media":0,"parent":0,"menu_order":0,"comment_status":"closed","ping_status":"closed","template":"","meta":[],"yoast_head":"<!-- This site is optimized with the Yoast SEO plugin v21.1 - https:\/\/yoast.com\/wordpress\/plugins\/seo\/ -->\n<title>Contacto - POLIBREAL DEL SUR<\/title>\n<meta name=\"description\" content=\"Contacto. Polibreal del Sur es una empresa con m\u00e1s de 38 a\u00f1os de experiencia en el sector, especializada en la impermeabilizaci\u00f3n \u00edntegra en edificaci\u00f3n y en obra\" \/>\n<meta name=\"robots\" content=\"index, follow, max-snippet:-1, max-image-preview:large, max-video-preview:-1\" \/>\n<link rel=\"canonical\" href=\"https:\/\/www.polibrealdelsur.com\/en\/contacto\/\" \/>\n<meta property=\"og:locale\" content=\"en_GB\" \/>\n<meta property=\"og:type\" content=\"article\" \/>\n<meta property=\"og:title\" content=\"Contacto - POLIBREAL DEL SUR\" \/>\n<meta property=\"og:description\" content=\"Contacto. Polibreal del Sur es una empresa con m\u00e1s de 38 a\u00f1os de experiencia en el sector, especializada en la impermeabilizaci\u00f3n \u00edntegra en edificaci\u00f3n y en obra\" \/>\n<meta property=\"og:url\" content=\"https:\/\/www.polibrealdelsur.com\/en\/contacto\/\" \/>\n<meta property=\"og:site_name\" content=\"POLIBREAL DEL SUR\" \/>\n<meta property=\"article:modified_time\" content=\"2023-09-21T08:29:11+00:00\" \/>\n<meta name=\"twitter:card\" content=\"summary_large_image\" \/>\n<script type=\"application\/ld+json\" class=\"yoast-schema-graph\">{\"@context\":\"https:\/\/schema.org\",\"@graph\":[{\"@type\":\"WebPage\",\"@id\":\"https:\/\/www.polibrealdelsur.com\/contacto\/\",\"url\":\"https:\/\/www.polibrealdelsur.com\/contacto\/\",\"name\":\"Contacto - POLIBREAL DEL SUR\",\"isPartOf\":{\"@id\":\"https:\/\/www.polibrealdelsur.com\/#website\"},\"datePublished\":\"2023-07-24T08:43:47+00:00\",\"dateModified\":\"2023-09-21T08:29:11+00:00\",\"description\":\"Contacto. Polibreal del Sur es una empresa con m\u00e1s de 38 a\u00f1os de experiencia en el sector, especializada en la impermeabilizaci\u00f3n \u00edntegra en edificaci\u00f3n y en obra\",\"breadcrumb\":{\"@id\":\"https:\/\/www.polibrealdelsur.com\/contacto\/#breadcrumb\"},\"inLanguage\":\"en-GB\",\"potentialAction\":[{\"@type\":\"ReadAction\",\"target\":[\"https:\/\/www.polibrealdelsur.com\/contacto\/\"]}]},{\"@type\":\"BreadcrumbList\",\"@id\":\"https:\/\/www.polibrealdelsur.com\/contacto\/#breadcrumb\",\"itemListElement\":[{\"@type\":\"ListItem\",\"position\":1,\"name\":\"Portada\",\"item\":\"https:\/\/www.polibrealdelsur.com\/\"},{\"@type\":\"ListItem\",\"position\":2,\"name\":\"Contacto\"}]},{\"@type\":\"WebSite\",\"@id\":\"https:\/\/www.polibrealdelsur.com\/#website\",\"url\":\"https:\/\/www.polibrealdelsur.com\/\",\"name\":\"POLIBREAL DEL SUR\",\"description\":\"Polibreal del Sur es una empresa con m\u00e1s de 38 a\u00f1os de experiencia en el sector, especializada en la impermeabilizaci\u00f3n \u00edntegra en edificaci\u00f3n y en obra.\",\"publisher\":{\"@id\":\"https:\/\/www.polibrealdelsur.com\/#organization\"},\"potentialAction\":[{\"@type\":\"SearchAction\",\"target\":{\"@type\":\"EntryPoint\",\"urlTemplate\":\"https:\/\/www.polibrealdelsur.com\/?s={search_term_string}\"},\"query-input\":\"required name=search_term_string\"}],\"inLanguage\":\"en-GB\"},{\"@type\":\"Organization\",\"@id\":\"https:\/\/www.polibrealdelsur.com\/#organization\",\"name\":\"POLIBREAL DEL SUR\",\"url\":\"https:\/\/www.polibrealdelsur.com\/\",\"logo\":{\"@type\":\"ImageObject\",\"inLanguage\":\"en-GB\",\"@id\":\"https:\/\/www.polibrealdelsur.com\/#\/schema\/logo\/image\/\",\"url\":\"https:\/\/www.polibrealdelsur.com\/wp-content\/uploads\/2023\/07\/cropped-cropped-6bf844b7-738c-4a66-8566-d7668276621d.png\",\"contentUrl\":\"https:\/\/www.polibrealdelsur.com\/wp-content\/uploads\/2023\/07\/cropped-cropped-6bf844b7-738c-4a66-8566-d7668276621d.png\",\"width\":512,\"height\":512,\"caption\":\"POLIBREAL DEL SUR\"},\"image\":{\"@id\":\"https:\/\/www.polibrealdelsur.com\/#\/schema\/logo\/image\/\"}}]}<\/script>\n<!-- \/ Yoast SEO plugin. -->","yoast_head_json":{"title":"Contacto - POLIBREAL DEL SUR","description":"Contacto. Polibreal del Sur es una empresa con m\u00e1s de 38 a\u00f1os de experiencia en el sector, especializada en la impermeabilizaci\u00f3n \u00edntegra en edificaci\u00f3n y en obra","robots":{"index":"index","follow":"follow","max-snippet":"max-snippet:-1","max-image-preview":"max-image-preview:large","max-video-preview":"max-video-preview:-1"},"canonical":"https:\/\/www.polibrealdelsur.com\/en\/contacto\/","og_locale":"en_GB","og_type":"article","og_title":"Contacto - POLIBREAL DEL SUR","og_description":"Contacto. Polibreal del Sur es una empresa con m\u00e1s de 38 a\u00f1os de experiencia en el sector, especializada en la impermeabilizaci\u00f3n \u00edntegra en edificaci\u00f3n y en obra","og_url":"https:\/\/www.polibrealdelsur.com\/en\/contacto\/","og_site_name":"POLIBREAL DEL SUR","article_modified_time":"2023-09-21T08:29:11+00:00","twitter_card":"summary_large_image","schema":{"@context":"https:\/\/schema.org","@graph":[{"@type":"WebPage","@id":"https:\/\/www.polibrealdelsur.com\/contacto\/","url":"https:\/\/www.polibrealdelsur.com\/contacto\/","name":"Contacto - POLIBREAL DEL SUR","isPartOf":{"@id":"https:\/\/www.polibrealdelsur.com\/#website"},"datePublished":"2023-07-24T08:43:47+00:00","dateModified":"2023-09-21T08:29:11+00:00","description":"Contacto. Polibreal del Sur es una empresa con m\u00e1s de 38 a\u00f1os de experiencia en el sector, especializada en la impermeabilizaci\u00f3n \u00edntegra en edificaci\u00f3n y en obra","breadcrumb":{"@id":"https:\/\/www.polibrealdelsur.com\/contacto\/#breadcrumb"},"inLanguage":"en-GB","potentialAction":[{"@type":"ReadAction","target":["https:\/\/www.polibrealdelsur.com\/contacto\/"]}]},{"@type":"BreadcrumbList","@id":"https:\/\/www.polibrealdelsur.com\/contacto\/#breadcrumb","itemListElement":[{"@type":"ListItem","position":1,"name":"Portada","item":"https:\/\/www.polibrealdelsur.com\/"},{"@type":"ListItem","position":2,"name":"Contacto"}]},{"@type":"WebSite","@id":"https:\/\/www.polibrealdelsur.com\/#website","url":"https:\/\/www.polibrealdelsur.com\/","name":"POLIBREAL DEL SUR","description":"Polibreal del Sur es una empresa con m\u00e1s de 38 a\u00f1os de experiencia en el sector, especializada en la impermeabilizaci\u00f3n \u00edntegra en edificaci\u00f3n y en obra.","publisher":{"@id":"https:\/\/www.polibrealdelsur.com\/#organization"},"potentialAction":[{"@type":"SearchAction","target":{"@type":"EntryPoint","urlTemplate":"https:\/\/www.polibrealdelsur.com\/?s={search_term_string}"},"query-input":"required name=search_term_string"}],"inLanguage":"en-GB"},{"@type":"Organization","@id":"https:\/\/www.polibrealdelsur.com\/#organization","name":"POLIBREAL DEL SUR","url":"https:\/\/www.polibrealdelsur.com\/","logo":{"@type":"ImageObject","inLanguage":"en-GB","@id":"https:\/\/www.polibrealdelsur.com\/#\/schema\/logo\/image\/","url":"https:\/\/www.polibrealdelsur.com\/wp-content\/uploads\/2023\/07\/cropped-cropped-6bf844b7-738c-4a66-8566-d7668276621d.png","contentUrl":"https:\/\/www.polibrealdelsur.com\/wp-content\/uploads\/2023\/07\/cropped-cropped-6bf844b7-738c-4a66-8566-d7668276621d.png","width":512,"height":512,"caption":"POLIBREAL DEL SUR"},"image":{"@id":"https:\/\/www.polibrealdelsur.com\/#\/schema\/logo\/image\/"}}]}},"_links":{"self":[{"href":"https:\/\/www.polibrealdelsur.com\/en\/wp-json\/wp\/v2\/pages\/78"}],"collection":[{"href":"https:\/\/www.polibrealdelsur.com\/en\/wp-json\/wp\/v2\/pages"}],"about":[{"href":"https:\/\/www.polibrealdelsur.com\/en\/wp-json\/wp\/v2\/types\/page"}],"author":[{"embeddable":true,"href":"https:\/\/www.polibrealdelsur.com\/en\/wp-json\/wp\/v2\/users\/1"}],"replies":[{"embeddable":true,"href":"https:\/\/www.polibrealdelsur.com\/en\/wp-json\/wp\/v2\/comments?post=78"}],"version-history":[{"count":31,"href":"https:\/\/www.polibrealdelsur.com\/en\/wp-json\/wp\/v2\/pages\/78\/revisions"}],"predecessor-version":[{"id":391,"href":"https:\/\/www.polibrealdelsur.com\/en\/wp-json\/wp\/v2\/pages\/78\/revisions\/391"}],"wp:attachment":[{"href":"https:\/\/www.polibrealdelsur.com\/en\/wp-json\/wp\/v2\/media?parent=78"}],"curies":[{"name":"wp","href":"https:\/\/api.w.org\/{rel}","templated":true}]}}